{"id":1054,"date":"2025-12-25T20:01:12","date_gmt":"2025-12-25T19:01:12","guid":{"rendered":"https:\/\/bauservice.werbago.com\/?page_id=1054"},"modified":"2026-02-10T09:44:16","modified_gmt":"2026-02-10T08:44:16","slug":"impressum","status":"publish","type":"page","link":"https:\/\/bauservicebocholt.de\/index.php\/impressum\/","title":{"rendered":"Impressum"},"content":{"rendered":"\t\t<div data-elementor-type=\"wp-page\" data-elementor-id=\"1054\" class=\"elementor elementor-1054\" data-elementor-post-type=\"page\">\n\t\t\t\t<div class=\"elementor-element elementor-element-68ba57e e-flex e-con-boxed e-con e-parent\" data-id=\"68ba57e\" data-element_type=\"container\" data-e-type=\"container\">\n\t\t\t\t\t<div class=\"e-con-inner\">\n\t\t\t\t<div class=\"elementor-element elementor-element-23452c7 elementor-widget elementor-widget-text-editor\" data-id=\"23452c7\" data-element_type=\"widget\" data-e-type=\"widget\" data-widget_type=\"text-editor.default\">\n\t\t\t\t\t\t\t\t\t<h1>\u00a0<\/h1><h1>\u00a0<\/h1><h1 class=\"wp-block-heading\">Impressum<\/h1><div class=\"x_margin-bottom x_margin-small\"><p><span style=\"font-family: Stolzl, sans-serif;\"><span data-olk-copy-source=\"MessageBody\">Bauservice Bocholt GmbH\u00a0<\/span><\/span><\/p><p>Handelsregister:\u00a0<span data-ogsb=\"rgb(230, 229, 233)\">\u00a0HRB 23221<\/span><\/p><\/div><div class=\"x_margin-bottom x_margin-small\"><p>Registergericht: Amtsgericht Coesfeld\u00a0<\/p><p><strong>Vertreten durch<\/strong><br \/><span style=\"font-family: Stolzl, sans-serif;\">Nadiya Jamousi<\/span><br \/>\u200d<br \/>\u200d<strong>Kontakt<\/strong><br \/>Telefon: 028719984865<br \/>E-Mai: info@bauservicebocholt.de<\/p><p>\u200d<br \/>\u200d<strong>Umsatzsteuer-ID<\/strong>\u00a0gem\u00e4\u00df \u00a7 27 a Umsatzsteuergesetz:<br \/>DE355816151<\/p><\/div><div class=\"x_margin-bottom x_margin-small\"><p>Verantwortlich f\u00fcr den Inhalt nach \u00a755 Abs. 2 RStV:<br \/><span style=\"font-family: Stolzl, sans-serif;\">Nadiya Jamousi\u00a0<\/span><\/p><p>\u200d<strong>Verbraucher\u00adstreit\u00adbeilegung \/ Universal\u00adschlichtungs\u00adstelle<\/strong><br \/>Wir sind nicht bereit oder verpflichtet, an Streitbeilegungsverfahren vor einer Verbraucherschlichtungsstelle teilzunehmen.<\/p><p>\u200d<strong>\u200d<\/strong>\u200d<strong>Haftung f\u00fcr Inhalte<\/strong><br \/>Als Diensteanbieter sind wir gem\u00e4\u00df \u00a7 7 Abs.1 DDG f\u00fcr eigene Inhalte auf diesen Seiten nach den allgemeinen Gesetzen verantwortlich. Nach \u00a7\u00a7 8 bis 10 DDGsind wir als Diensteanbieter jedoch nicht verpflichtet, \u00fcbermittelte oder gespeicherte fremde Informationen zu \u00fcberwachen oder nach Umst\u00e4nden zu forschen, die auf eine rechtswidrige T\u00e4tigkeit hinweisen.Verpflichtungen zur Entfernung oder Sperrung der Nutzung von Informationen nach den allgemeinen Gesetzen bleiben hiervon unber\u00fchrt. Eine diesbez\u00fcgliche Haftung ist jedoch erst ab dem Zeitpunkt der Kenntnis einer konkreten Rechtsverletzung m\u00f6glich. Bei Bekanntwerden von entsprechenden Rechtsverletzungen werden wir diese Inhalte umgehend entfernen.<strong>\u200d<\/strong>\u200d<\/p><p>\u200d<strong>Haftung f\u00fcr Links<\/strong><br \/>Unser Angebot enth\u00e4lt Links zu externen Websites Dritter, auf deren Inhalte wir keinen Einfluss haben. Deshalb k\u00f6nnen wir f\u00fcr diese fremden Inhalte auch keine Gew\u00e4hr \u00fcbernehmen. F\u00fcr die Inhalte der verlinkten Seiten ist stets der jeweilige Anbieter oder Betreiber der Seiten verantwortlich. Die verlinkten Seiten wurden zum Zeitpunkt der Verlinkung auf m\u00f6gliche Rechtsverst\u00f6\u00dfe \u00fcberpr\u00fcft. Rechtswidrige Inhalte waren zum Zeitpunkt der Verlinkung nicht erkennbar. Eine permanente inhaltliche Kontrolle der verlinkten Seiten ist jedoch ohne konkrete Anhaltspunkte einer Rechtsverletzung nicht zumutbar. Bei Bekanntwerden von Rechtsverletzungen werden wir derartige Links umgehend entfernen.\u00a0<\/p><p>\u200d\u200d<strong>Urheberrecht<\/strong><br \/>Die durch die Seitenbetreiber erstellten Inhalte und Werke auf diesen Seiten unterliegen dem deutschen Urheberrecht. Die Vervielf\u00e4ltigung, Bearbeitung, Verbreitung und jede Art der Verwertung au\u00dferhalb der Grenzen des Urheberrechtes bed\u00fcrfen der schriftlichen Zustimmung des jeweiligen Autors bzw. Erstellers. Downloads und Kopien dieser Seite sind nur f\u00fcr den privaten, nicht kommerziellen Gebrauch gestattet. Soweit die Inhalte auf dieser Seite nicht vom Betreiber erstellt wurden, werden die Urheberrechte Dritter beachtet. Insbesondere werden Inhalte Dritter als solche gekennzeichnet. Sollten Sie trotzdem auf eine Urheberrechtsverletzung aufmerksam werden, bitten wir um einen entsprechenden Hinweis. Bei Bekanntwerden von Rechtsverletzungen werden wir derartige Inhalte umgehend entfernen.<\/p><p>Quelle:\u00a0<a title=\"https:\/\/e-recht24.de\/\" href=\"https:\/\/e-recht24.de\/\" target=\"_blank\" rel=\"noopener noreferrer\" data-auth=\"NotApplicable\" data-linkindex=\"9\" data-ogsc=\"\">e-recht24.de<\/a><\/p><\/div>\t\t\t\t\t\t\t\t<\/div>\n\t\t\t\t\t<\/div>\n\t\t\t\t<\/div>\n\t\t\t\t<\/div>\n\t\t","protected":false},"excerpt":{"rendered":"<p>\u00a0 \u00a0 Impressum Bauservice Bocholt GmbH\u00a0 Handelsregister:\u00a0\u00a0HRB 23221 Registergericht: Amtsgericht Coesfeld\u00a0 Vertreten durchNadiya Jamousi\u200d\u200dKontaktTelefon: 028719984865E-Mai: info@bauservicebocholt.de \u200d\u200dUmsatzsteuer-ID\u00a0gem\u00e4\u00df \u00a7 27 a Umsatzsteuergesetz:DE355816151 Verantwortlich f\u00fcr den Inhalt nach \u00a755 Abs. 2 RStV:Nadiya Jamousi\u00a0 \u200dVerbraucher\u00adstreit\u00adbeilegung \/ Universal\u00adschlichtungs\u00adstelleWir sind nicht bereit oder verpflichtet, an Streitbeilegungsverfahren vor einer Verbraucherschlichtungsstelle teilzunehmen. \u200d\u200d\u200dHaftung f\u00fcr InhalteAls Diensteanbieter sind wir gem\u00e4\u00df \u00a7 7 Abs.1 [&hellip;]<\/p>\n","protected":false},"author":1,"featured_media":0,"parent":0,"menu_order":0,"comment_status":"closed","ping_status":"closed","template":"","meta":{"footnotes":""},"class_list":["post-1054","page","type-page","status-publish","hentry"],"aioseo_notices":[],"aioseo_head":"\n\t\t<!-- All in One SEO Pro 4.9.5.2 - aioseo.com -->\n\t<meta name=\"description\" content=\"ImpressumBauservice Bocholt GmbH Handelsregister: HRB 23221Registergericht: Amtsgericht Coesfeld Vertreten durchNadiya Jamousi\u200d\u200dKontaktTelefon: 028719984865E-Mai: info@bauservicebocholt.de\u200d\u200dUmsatzsteuer-ID gem\u00e4\u00df \u00a7 27 a Umsatzsteuergesetz:DE355816151Verantwortlich f\u00fcr den Inhalt nach \u00a755 Abs. 2 RStV:Nadiya Jamousi \u200dVerbraucher\u00adstreit\u00adbeilegung \/ Universal\u00adschlichtungs\u00adstelleWir sind nicht bereit oder verpflichtet, an Streitbeilegungsverfahren vor einer Verbraucherschlichtungsstelle teilzunehmen.\u200d\u200d\u200dHaftung f\u00fcr InhalteAls Diensteanbieter sind wir gem\u00e4\u00df \u00a7 7 Abs.1 DDG f\u00fcr eigene Inhalte auf diesen Seiten nach den allgemeinen\" \/>\n\t<meta name=\"robots\" content=\"max-image-preview:large\" \/>\n\t<link rel=\"canonical\" href=\"https:\/\/bauservicebocholt.de\/index.php\/impressum\/\" \/>\n\t<meta name=\"generator\" content=\"All in One SEO Pro (AIOSEO) 4.9.5.2\" \/>\n\t\t<meta property=\"og:locale\" content=\"de_DE\" \/>\n\t\t<meta property=\"og:site_name\" content=\"BAU-SERVICE BOCHOLT - WE CONNECT\" \/>\n\t\t<meta property=\"og:type\" content=\"article\" \/>\n\t\t<meta property=\"og:title\" content=\"Impressum - BAU-SERVICE BOCHOLT\" \/>\n\t\t<meta property=\"og:description\" content=\"ImpressumBauservice Bocholt GmbH Handelsregister: HRB 23221Registergericht: Amtsgericht Coesfeld Vertreten durchNadiya Jamousi\u200d\u200dKontaktTelefon: 028719984865E-Mai: info@bauservicebocholt.de\u200d\u200dUmsatzsteuer-ID gem\u00e4\u00df \u00a7 27 a Umsatzsteuergesetz:DE355816151Verantwortlich f\u00fcr den Inhalt nach \u00a755 Abs. 2 RStV:Nadiya Jamousi \u200dVerbraucher\u00adstreit\u00adbeilegung \/ Universal\u00adschlichtungs\u00adstelleWir sind nicht bereit oder verpflichtet, an Streitbeilegungsverfahren vor einer Verbraucherschlichtungsstelle teilzunehmen.\u200d\u200d\u200dHaftung f\u00fcr InhalteAls Diensteanbieter sind wir gem\u00e4\u00df \u00a7 7 Abs.1 DDG f\u00fcr eigene Inhalte auf diesen Seiten nach den allgemeinen\" \/>\n\t\t<meta property=\"og:url\" content=\"https:\/\/bauservicebocholt.de\/index.php\/impressum\/\" \/>\n\t\t<meta property=\"og:image\" content=\"https:\/\/bauservicebocholt.de\/wp-content\/uploads\/2025\/12\/blue-logo-png.png\" \/>\n\t\t<meta property=\"og:image:secure_url\" content=\"https:\/\/bauservicebocholt.de\/wp-content\/uploads\/2025\/12\/blue-logo-png.png\" \/>\n\t\t<meta property=\"article:published_time\" content=\"2025-12-25T19:01:12+00:00\" \/>\n\t\t<meta property=\"article:modified_time\" content=\"2026-02-10T08:44:16+00:00\" \/>\n\t\t<meta name=\"twitter:card\" content=\"summary_large_image\" \/>\n\t\t<meta name=\"twitter:title\" content=\"Impressum - BAU-SERVICE BOCHOLT\" \/>\n\t\t<meta name=\"twitter:description\" content=\"ImpressumBauservice Bocholt GmbH Handelsregister: HRB 23221Registergericht: Amtsgericht Coesfeld Vertreten durchNadiya Jamousi\u200d\u200dKontaktTelefon: 028719984865E-Mai: info@bauservicebocholt.de\u200d\u200dUmsatzsteuer-ID gem\u00e4\u00df \u00a7 27 a Umsatzsteuergesetz:DE355816151Verantwortlich f\u00fcr den Inhalt nach \u00a755 Abs. 2 RStV:Nadiya Jamousi \u200dVerbraucher\u00adstreit\u00adbeilegung \/ Universal\u00adschlichtungs\u00adstelleWir sind nicht bereit oder verpflichtet, an Streitbeilegungsverfahren vor einer Verbraucherschlichtungsstelle teilzunehmen.\u200d\u200d\u200dHaftung f\u00fcr InhalteAls Diensteanbieter sind wir gem\u00e4\u00df \u00a7 7 Abs.1 DDG f\u00fcr eigene Inhalte auf diesen Seiten nach den allgemeinen\" \/>\n\t\t<meta name=\"twitter:image\" content=\"https:\/\/bauservicebocholt.de\/wp-content\/uploads\/2025\/12\/blue-logo-png.png\" \/>\n\t\t<script type=\"application\/ld+json\" class=\"aioseo-schema\">\n\t\t\t{\"@context\":\"https:\\\/\\\/schema.org\",\"@graph\":[{\"@type\":\"BreadcrumbList\",\"@id\":\"https:\\\/\\\/bauservicebocholt.de\\\/index.php\\\/impressum\\\/#breadcrumblist\",\"itemListElement\":[{\"@type\":\"ListItem\",\"@id\":\"https:\\\/\\\/bauservicebocholt.de#listItem\",\"position\":1,\"name\":\"Home\",\"item\":\"https:\\\/\\\/bauservicebocholt.de\",\"nextItem\":{\"@type\":\"ListItem\",\"@id\":\"https:\\\/\\\/bauservicebocholt.de\\\/index.php\\\/impressum\\\/#listItem\",\"name\":\"Impressum\"}},{\"@type\":\"ListItem\",\"@id\":\"https:\\\/\\\/bauservicebocholt.de\\\/index.php\\\/impressum\\\/#listItem\",\"position\":2,\"name\":\"Impressum\",\"previousItem\":{\"@type\":\"ListItem\",\"@id\":\"https:\\\/\\\/bauservicebocholt.de#listItem\",\"name\":\"Home\"}}]},{\"@type\":\"Organization\",\"@id\":\"https:\\\/\\\/bauservicebocholt.de\\\/#organization\",\"name\":\"Vorlage WordPress\",\"description\":\"WE CONNECT\",\"url\":\"https:\\\/\\\/bauservicebocholt.de\\\/\",\"email\":\"info@bauservicebocholt.de\",\"logo\":{\"@type\":\"ImageObject\",\"url\":\"https:\\\/\\\/bauservicebocholt.de\\\/wp-content\\\/uploads\\\/2025\\\/12\\\/blue-logo-png.png\",\"@id\":\"https:\\\/\\\/bauservicebocholt.de\\\/index.php\\\/impressum\\\/#organizationLogo\",\"width\":1941,\"height\":410},\"image\":{\"@id\":\"https:\\\/\\\/bauservicebocholt.de\\\/index.php\\\/impressum\\\/#organizationLogo\"},\"address\":{\"@id\":\"https:\\\/\\\/bauservicebocholt.de\\\/#postaladdress\",\"@type\":\"PostalAddress\",\"streetAddress\":\"Sch\\u00fcrnbuschweg 6,\",\"postalCode\":\"46399\",\"addressLocality\":\"Bocholt\",\"addressRegion\":\"NRW\",\"addressCountry\":\"DE\"}},{\"@type\":\"WebPage\",\"@id\":\"https:\\\/\\\/bauservicebocholt.de\\\/index.php\\\/impressum\\\/#webpage\",\"url\":\"https:\\\/\\\/bauservicebocholt.de\\\/index.php\\\/impressum\\\/\",\"name\":\"Impressum - BAU-SERVICE BOCHOLT\",\"description\":\"ImpressumBauservice Bocholt GmbH Handelsregister: HRB 23221Registergericht: Amtsgericht Coesfeld Vertreten durchNadiya Jamousi\\u200d\\u200dKontaktTelefon: 028719984865E-Mai: info@bauservicebocholt.de\\u200d\\u200dUmsatzsteuer-ID gem\\u00e4\\u00df \\u00a7 27 a Umsatzsteuergesetz:DE355816151Verantwortlich f\\u00fcr den Inhalt nach \\u00a755 Abs. 2 RStV:Nadiya Jamousi \\u200dVerbraucher\\u00adstreit\\u00adbeilegung \\\/ Universal\\u00adschlichtungs\\u00adstelleWir sind nicht bereit oder verpflichtet, an Streitbeilegungsverfahren vor einer Verbraucherschlichtungsstelle teilzunehmen.\\u200d\\u200d\\u200dHaftung f\\u00fcr InhalteAls Diensteanbieter sind wir gem\\u00e4\\u00df \\u00a7 7 Abs.1 DDG f\\u00fcr eigene Inhalte auf diesen Seiten nach den allgemeinen\",\"inLanguage\":\"de-DE\",\"isPartOf\":{\"@id\":\"https:\\\/\\\/bauservicebocholt.de\\\/#website\"},\"breadcrumb\":{\"@id\":\"https:\\\/\\\/bauservicebocholt.de\\\/index.php\\\/impressum\\\/#breadcrumblist\"},\"datePublished\":\"2025-12-25T20:01:12+01:00\",\"dateModified\":\"2026-02-10T09:44:16+01:00\"},{\"@type\":\"WebSite\",\"@id\":\"https:\\\/\\\/bauservicebocholt.de\\\/#website\",\"url\":\"https:\\\/\\\/bauservicebocholt.de\\\/\",\"name\":\"Bauservice Bocholt\",\"description\":\"WE CONNECT\",\"inLanguage\":\"de-DE\",\"publisher\":{\"@id\":\"https:\\\/\\\/bauservicebocholt.de\\\/#organization\"}}]}\n\t\t<\/script>\n\t\t<!-- All in One SEO Pro -->\r\n\t\t<title>Impressum - BAU-SERVICE BOCHOLT<\/title>\n\n","aioseo_head_json":{"title":"Impressum - BAU-SERVICE BOCHOLT","description":"ImpressumBauservice Bocholt GmbH Handelsregister: HRB 23221Registergericht: Amtsgericht Coesfeld Vertreten durchNadiya Jamousi\u200d\u200dKontaktTelefon: 028719984865E-Mai: info@bauservicebocholt.de\u200d\u200dUmsatzsteuer-ID gem\u00e4\u00df \u00a7 27 a Umsatzsteuergesetz:DE355816151Verantwortlich f\u00fcr den Inhalt nach \u00a755 Abs. 2 RStV:Nadiya Jamousi \u200dVerbraucher\u00adstreit\u00adbeilegung \/ Universal\u00adschlichtungs\u00adstelleWir sind nicht bereit oder verpflichtet, an Streitbeilegungsverfahren vor einer Verbraucherschlichtungsstelle teilzunehmen.\u200d\u200d\u200dHaftung f\u00fcr InhalteAls Diensteanbieter sind wir gem\u00e4\u00df \u00a7 7 Abs.1 DDG f\u00fcr eigene Inhalte auf diesen Seiten nach den allgemeinen","canonical_url":"https:\/\/bauservicebocholt.de\/index.php\/impressum\/","robots":"max-image-preview:large","keywords":"","webmasterTools":{"miscellaneous":""},"schema":{"@context":"https:\/\/schema.org","@graph":[{"@type":"BreadcrumbList","@id":"https:\/\/bauservicebocholt.de\/index.php\/impressum\/#breadcrumblist","itemListElement":[{"@type":"ListItem","@id":"https:\/\/bauservicebocholt.de#listItem","position":1,"name":"Home","item":"https:\/\/bauservicebocholt.de","nextItem":{"@type":"ListItem","@id":"https:\/\/bauservicebocholt.de\/index.php\/impressum\/#listItem","name":"Impressum"}},{"@type":"ListItem","@id":"https:\/\/bauservicebocholt.de\/index.php\/impressum\/#listItem","position":2,"name":"Impressum","previousItem":{"@type":"ListItem","@id":"https:\/\/bauservicebocholt.de#listItem","name":"Home"}}]},{"@type":"Organization","@id":"https:\/\/bauservicebocholt.de\/#organization","name":"Vorlage WordPress","description":"WE CONNECT","url":"https:\/\/bauservicebocholt.de\/","email":"info@bauservicebocholt.de","logo":{"@type":"ImageObject","url":"https:\/\/bauservicebocholt.de\/wp-content\/uploads\/2025\/12\/blue-logo-png.png","@id":"https:\/\/bauservicebocholt.de\/index.php\/impressum\/#organizationLogo","width":1941,"height":410},"image":{"@id":"https:\/\/bauservicebocholt.de\/index.php\/impressum\/#organizationLogo"},"address":{"@id":"https:\/\/bauservicebocholt.de\/#postaladdress","@type":"PostalAddress","streetAddress":"Sch\u00fcrnbuschweg 6,","postalCode":"46399","addressLocality":"Bocholt","addressRegion":"NRW","addressCountry":"DE"}},{"@type":"WebPage","@id":"https:\/\/bauservicebocholt.de\/index.php\/impressum\/#webpage","url":"https:\/\/bauservicebocholt.de\/index.php\/impressum\/","name":"Impressum - BAU-SERVICE BOCHOLT","description":"ImpressumBauservice Bocholt GmbH Handelsregister: HRB 23221Registergericht: Amtsgericht Coesfeld Vertreten durchNadiya Jamousi\u200d\u200dKontaktTelefon: 028719984865E-Mai: info@bauservicebocholt.de\u200d\u200dUmsatzsteuer-ID gem\u00e4\u00df \u00a7 27 a Umsatzsteuergesetz:DE355816151Verantwortlich f\u00fcr den Inhalt nach \u00a755 Abs. 2 RStV:Nadiya Jamousi \u200dVerbraucher\u00adstreit\u00adbeilegung \/ Universal\u00adschlichtungs\u00adstelleWir sind nicht bereit oder verpflichtet, an Streitbeilegungsverfahren vor einer Verbraucherschlichtungsstelle teilzunehmen.\u200d\u200d\u200dHaftung f\u00fcr InhalteAls Diensteanbieter sind wir gem\u00e4\u00df \u00a7 7 Abs.1 DDG f\u00fcr eigene Inhalte auf diesen Seiten nach den allgemeinen","inLanguage":"de-DE","isPartOf":{"@id":"https:\/\/bauservicebocholt.de\/#website"},"breadcrumb":{"@id":"https:\/\/bauservicebocholt.de\/index.php\/impressum\/#breadcrumblist"},"datePublished":"2025-12-25T20:01:12+01:00","dateModified":"2026-02-10T09:44:16+01:00"},{"@type":"WebSite","@id":"https:\/\/bauservicebocholt.de\/#website","url":"https:\/\/bauservicebocholt.de\/","name":"Bauservice Bocholt","description":"WE CONNECT","inLanguage":"de-DE","publisher":{"@id":"https:\/\/bauservicebocholt.de\/#organization"}}]},"og:locale":"de_DE","og:site_name":"BAU-SERVICE BOCHOLT - WE CONNECT","og:type":"article","og:title":"Impressum - BAU-SERVICE BOCHOLT","og:description":"ImpressumBauservice Bocholt GmbH Handelsregister: HRB 23221Registergericht: Amtsgericht Coesfeld Vertreten durchNadiya Jamousi\u200d\u200dKontaktTelefon: 028719984865E-Mai: info@bauservicebocholt.de\u200d\u200dUmsatzsteuer-ID gem\u00e4\u00df \u00a7 27 a Umsatzsteuergesetz:DE355816151Verantwortlich f\u00fcr den Inhalt nach \u00a755 Abs. 2 RStV:Nadiya Jamousi \u200dVerbraucher\u00adstreit\u00adbeilegung \/ Universal\u00adschlichtungs\u00adstelleWir sind nicht bereit oder verpflichtet, an Streitbeilegungsverfahren vor einer Verbraucherschlichtungsstelle teilzunehmen.\u200d\u200d\u200dHaftung f\u00fcr InhalteAls Diensteanbieter sind wir gem\u00e4\u00df \u00a7 7 Abs.1 DDG f\u00fcr eigene Inhalte auf diesen Seiten nach den allgemeinen","og:url":"https:\/\/bauservicebocholt.de\/index.php\/impressum\/","og:image":"https:\/\/bauservicebocholt.de\/wp-content\/uploads\/2025\/12\/blue-logo-png.png","og:image:secure_url":"https:\/\/bauservicebocholt.de\/wp-content\/uploads\/2025\/12\/blue-logo-png.png","article:published_time":"2025-12-25T19:01:12+00:00","article:modified_time":"2026-02-10T08:44:16+00:00","twitter:card":"summary_large_image","twitter:title":"Impressum - BAU-SERVICE BOCHOLT","twitter:description":"ImpressumBauservice Bocholt GmbH Handelsregister: HRB 23221Registergericht: Amtsgericht Coesfeld Vertreten durchNadiya Jamousi\u200d\u200dKontaktTelefon: 028719984865E-Mai: info@bauservicebocholt.de\u200d\u200dUmsatzsteuer-ID gem\u00e4\u00df \u00a7 27 a Umsatzsteuergesetz:DE355816151Verantwortlich f\u00fcr den Inhalt nach \u00a755 Abs. 2 RStV:Nadiya Jamousi \u200dVerbraucher\u00adstreit\u00adbeilegung \/ Universal\u00adschlichtungs\u00adstelleWir sind nicht bereit oder verpflichtet, an Streitbeilegungsverfahren vor einer Verbraucherschlichtungsstelle teilzunehmen.\u200d\u200d\u200dHaftung f\u00fcr InhalteAls Diensteanbieter sind wir gem\u00e4\u00df \u00a7 7 Abs.1 DDG f\u00fcr eigene Inhalte auf diesen Seiten nach den allgemeinen","twitter:image":"https:\/\/bauservicebocholt.de\/wp-content\/uploads\/2025\/12\/blue-logo-png.png"},"aioseo_meta_data":{"post_id":"1054","title":null,"description":null,"keywords":null,"keyphrases":null,"primary_term":null,"canonical_url":null,"og_title":null,"og_description":null,"og_object_type":"default","og_image_type":"default","og_image_url":null,"og_image_width":null,"og_image_height":null,"og_image_custom_url":null,"og_image_custom_fields":null,"og_video":null,"og_custom_url":null,"og_article_section":null,"og_article_tags":null,"twitter_use_og":false,"twitter_card":"default","twitter_image_type":"default","twitter_image_url":null,"twitter_image_custom_url":null,"twitter_image_custom_fields":null,"twitter_title":null,"twitter_description":null,"schema":{"blockGraphs":[],"customGraphs":[],"default":{"data":{"Article":[],"Course":[],"Dataset":[],"FAQPage":[],"Movie":[],"Person":[],"Product":[],"ProductReview":[],"Car":[],"Recipe":[],"Service":[],"SoftwareApplication":[],"WebPage":[]},"graphName":"","isEnabled":true},"graphs":[]},"schema_type":"default","schema_type_options":null,"pillar_content":false,"robots_default":true,"robots_noindex":false,"robots_noarchive":false,"robots_nosnippet":false,"robots_nofollow":false,"robots_noimageindex":false,"robots_noodp":false,"robots_notranslate":false,"robots_max_snippet":null,"robots_max_videopreview":null,"robots_max_imagepreview":"large","priority":null,"frequency":null,"local_seo":null,"seo_analyzer_scan_date":"2026-02-16 19:06:07","breadcrumb_settings":null,"limit_modified_date":false,"reviewed_by":null,"open_ai":null,"ai":null,"created":"2026-02-16 19:06:07","updated":"2026-02-20 09:29:30"},"aioseo_breadcrumb":"<div class=\"aioseo-breadcrumbs\"><span class=\"aioseo-breadcrumb\">\n\t<a href=\"https:\/\/bauservicebocholt.de\" title=\"Home\">Home<\/a>\n<\/span><span class=\"aioseo-breadcrumb-separator\">&raquo;<\/span><span class=\"aioseo-breadcrumb\">\n\tImpressum\n<\/span><\/div>","aioseo_breadcrumb_json":[{"label":"Home","link":"https:\/\/bauservicebocholt.de"},{"label":"Impressum","link":"https:\/\/bauservicebocholt.de\/index.php\/impressum\/"}],"_links":{"self":[{"href":"https:\/\/bauservicebocholt.de\/index.php\/wp-json\/wp\/v2\/pages\/1054","targetHints":{"allow":["GET"]}}],"collection":[{"href":"https:\/\/bauservicebocholt.de\/index.php\/wp-json\/wp\/v2\/pages"}],"about":[{"href":"https:\/\/bauservicebocholt.de\/index.php\/wp-json\/wp\/v2\/types\/page"}],"author":[{"embeddable":true,"href":"https:\/\/bauservicebocholt.de\/index.php\/wp-json\/wp\/v2\/users\/1"}],"replies":[{"embeddable":true,"href":"https:\/\/bauservicebocholt.de\/index.php\/wp-json\/wp\/v2\/comments?post=1054"}],"version-history":[{"count":22,"href":"https:\/\/bauservicebocholt.de\/index.php\/wp-json\/wp\/v2\/pages\/1054\/revisions"}],"predecessor-version":[{"id":1771,"href":"https:\/\/bauservicebocholt.de\/index.php\/wp-json\/wp\/v2\/pages\/1054\/revisions\/1771"}],"wp:attachment":[{"href":"https:\/\/bauservicebocholt.de\/index.php\/wp-json\/wp\/v2\/media?parent=1054"}],"curies":[{"name":"wp","href":"https:\/\/api.w.org\/{rel}","templated":true}]}}